{"id":312,"date":"2026-03-03T14:21:55","date_gmt":"2026-03-03T13:21:55","guid":{"rendered":"https:\/\/jordi.franlago.com\/?page_id=312"},"modified":"2026-03-12T12:03:18","modified_gmt":"2026-03-12T11:03:18","slug":"servicios","status":"publish","type":"page","link":"https:\/\/jordi.franlago.com\/?page_id=312","title":{"rendered":"Servicios"},"content":{"rendered":"\t\t<div data-elementor-type=\"wp-page\" data-elementor-id=\"312\" class=\"elementor elementor-312\" data-elementor-post-type=\"page\">\n\t\t\t\t<div class=\"elementor-element elementor-element-c30c3f0 e-flex e-con-boxed e-con e-parent\" data-id=\"c30c3f0\" data-element_type=\"container\" data-e-type=\"container\" data-settings=\"{&quot;background_background&quot;:&quot;classic&quot;}\">\n\t\t\t\t\t<div class=\"e-con-inner\">\n\t\t<div class=\"elementor-element elementor-element-872431e e-con-full e-flex e-con e-child\" data-id=\"872431e\" data-element_type=\"container\" data-e-type=\"container\">\n\t\t\t\t<div class=\"elementor-element elementor-element-7d1a580 elementor-widget elementor-widget-text-editor\" data-id=\"7d1a580\" data-element_type=\"widget\" data-e-type=\"widget\" data-widget_type=\"text-editor.default\">\n\t\t\t\t\t\t\t\t\t<ul><li>Gesti\u00f3n de redes sociales<br \/>Creaci\u00f3n de contenido, dise\u00f1o de posts, calendario editorial y gesti\u00f3n de comunidades en plataformas como Instagram, Facebook o TikTok<\/li><\/ul>\t\t\t\t\t\t\t\t<\/div>\n\t\t\t\t<\/div>\n\t\t<div class=\"elementor-element elementor-element-463f1bd e-con-full e-flex e-con e-child\" data-id=\"463f1bd\" data-element_type=\"container\" data-e-type=\"container\">\n\t\t\t\t<div class=\"elementor-element elementor-element-b1f5661 elementor-view-default elementor-widget elementor-widget-icon\" data-id=\"b1f5661\" data-element_type=\"widget\" data-e-type=\"widget\" data-widget_type=\"icon.default\">\n\t\t\t\t\t\t\t<div class=\"elementor-icon-wrapper\">\n\t\t\t<div class=\"elementor-icon\">\n\t\t\t<svg aria-hidden=\"true\" class=\"e-font-icon-svg e-fab-servicestack\" viewBox=\"0 0 496 512\" xmlns=\"http:\/\/www.w3.org\/2000\/svg\"><path d=\"M88 216c81.7 10.2 273.7 102.3 304 232H0c99.5-8.1 184.5-137 88-232zm32-152c32.3 35.6 47.7 83.9 46.4 133.6C249.3 231.3 373.7 321.3 400 448h96C455.3 231.9 222.8 79.5 120 64z\"><\/path><\/svg>\t\t\t<\/div>\n\t\t<\/div>\n\t\t\t\t\t\t<\/div>\n\t\t\t\t<div class=\"elementor-element elementor-element-4a7780f elementor-widget elementor-widget-text-editor\" data-id=\"4a7780f\" data-element_type=\"widget\" data-e-type=\"widget\" data-widget_type=\"text-editor.default\">\n\t\t\t\t\t\t\t\t\t<ul><li>SEO (Posicionamiento en buscadores)<br \/>Optimizaci\u00f3n de p\u00e1ginas web para aparecer en los primeros resultados de b\u00fasqueda de forma org\u00e1nica.<\/li><\/ul>\t\t\t\t\t\t\t\t<\/div>\n\t\t\t\t<\/div>\n\t\t<div class=\"elementor-element elementor-element-72f527a e-con-full e-flex e-con e-child\" data-id=\"72f527a\" data-element_type=\"container\" data-e-type=\"container\">\n\t\t\t\t<div class=\"elementor-element elementor-element-dd3997f elementor-widget elementor-widget-text-editor\" data-id=\"dd3997f\" data-element_type=\"widget\" data-e-type=\"widget\" data-widget_type=\"text-editor.default\">\n\t\t\t\t\t\t\t\t\t<ul><li>Email marketing<br \/>Creaci\u00f3n de campa\u00f1as automatizadas y newsletters usando herramientas como Mailchimp<\/li><\/ul>\t\t\t\t\t\t\t\t<\/div>\n\t\t\t\t<\/div>\n\t\t<div class=\"elementor-element elementor-element-6656193 e-con-full e-flex e-con e-child\" data-id=\"6656193\" data-element_type=\"container\" data-e-type=\"container\">\n\t\t\t\t<div class=\"elementor-element elementor-element-e11ae99 elementor-widget elementor-widget-text-editor\" data-id=\"e11ae99\" data-element_type=\"widget\" data-e-type=\"widget\" data-widget_type=\"text-editor.default\">\n\t\t\t\t\t\t\t\t\t<ul><li>Publicidad digital (Ads)<br \/>Creaci\u00f3n y optimizaci\u00f3n de campa\u00f1as pagadas para generar tr\u00e1fico, leads o ventas.<\/li><\/ul>\t\t\t\t\t\t\t\t<\/div>\n\t\t\t\t<\/div>\n\t\t<div class=\"elementor-element elementor-element-dc07cd7 e-con-full e-flex e-con e-child\" data-id=\"dc07cd7\" data-element_type=\"container\" data-e-type=\"container\">\n\t\t\t\t<div class=\"elementor-element elementor-element-6dd1acc elementor-widget elementor-widget-text-editor\" data-id=\"6dd1acc\" data-element_type=\"widget\" data-e-type=\"widget\" data-widget_type=\"text-editor.default\">\n\t\t\t\t\t\t\t\t\t<ul><li>Dise\u00f1o y desarrollo web<br \/>Creaci\u00f3n de p\u00e1ginas web optimizadas para la conversi\u00f3n, la experiencia de usuario y el rendimiento.<\/li><\/ul>\t\t\t\t\t\t\t\t<\/div>\n\t\t\t\t<\/div>\n\t\t<div class=\"elementor-element elementor-element-4f9f386 e-con-full e-flex e-con e-child\" data-id=\"4f9f386\" data-element_type=\"container\" data-e-type=\"container\">\n\t\t\t\t<div class=\"elementor-element elementor-element-f334902 elementor-widget elementor-widget-text-editor\" data-id=\"f334902\" data-element_type=\"widget\" data-e-type=\"widget\" data-widget_type=\"text-editor.default\">\n\t\t\t\t\t\t\t\t\t<ul><li>Branding y estrategia de marca<br \/>Desarrollo de identidad visual (logo, colores, tipograf\u00edas), tono de comunicaci\u00f3n y posicionamiento estrat\u00e9gico.<\/li><\/ul>\t\t\t\t\t\t\t\t<\/div>\n\t\t\t\t<\/div>\n\t\t\t\t\t<\/div>\n\t\t\t\t<\/div>\n\t\t<div class=\"elementor-element elementor-element-76aa181 e-flex e-con-boxed e-con e-parent\" data-id=\"76aa181\" data-element_type=\"container\" data-e-type=\"container\" data-settings=\"{&quot;background_background&quot;:&quot;classic&quot;}\">\n\t\t\t\t\t<div class=\"e-con-inner\">\n\t\t<div class=\"elementor-element elementor-element-adc80a1 e-con-full e-flex e-con e-child\" data-id=\"adc80a1\" data-element_type=\"container\" data-e-type=\"container\">\n\t\t\t\t<div class=\"elementor-element elementor-element-6a1c1ab elementor-widget elementor-widget-image\" data-id=\"6a1c1ab\" data-element_type=\"widget\" data-e-type=\"widget\" data-widget_type=\"image.default\">\n\t\t\t\t\t\t\t\t\t\t\t\t\t\t\t<img fetchpriority=\"high\" decoding=\"async\" width=\"509\" height=\"339\" src=\"https:\/\/jordi.franlago.com\/wp-content\/uploads\/2026\/03\/IMG_0245.webp\" class=\"attachment-large size-large wp-image-332\" alt=\"\" srcset=\"https:\/\/jordi.franlago.com\/wp-content\/uploads\/2026\/03\/IMG_0245.webp 509w, https:\/\/jordi.franlago.com\/wp-content\/uploads\/2026\/03\/IMG_0245-300x200.webp 300w\" sizes=\"(max-width: 509px) 100vw, 509px\" \/>\t\t\t\t\t\t\t\t\t\t\t\t\t\t\t<\/div>\n\t\t\t\t<\/div>\n\t\t<div class=\"elementor-element elementor-element-2828f95 e-con-full e-flex e-con e-child\" data-id=\"2828f95\" data-element_type=\"container\" data-e-type=\"container\">\n\t\t\t\t<div class=\"elementor-element elementor-element-1e1dfce elementor-widget elementor-widget-image\" data-id=\"1e1dfce\" data-element_type=\"widget\" data-e-type=\"widget\" data-widget_type=\"image.default\">\n\t\t\t\t\t\t\t\t\t\t\t\t\t\t\t<img decoding=\"async\" width=\"800\" height=\"420\" src=\"https:\/\/jordi.franlago.com\/wp-content\/uploads\/2026\/03\/IMG_0246.png\" class=\"attachment-large size-large wp-image-333\" alt=\"\" srcset=\"https:\/\/jordi.franlago.com\/wp-content\/uploads\/2026\/03\/IMG_0246.png 1020w, https:\/\/jordi.franlago.com\/wp-content\/uploads\/2026\/03\/IMG_0246-300x157.png 300w, https:\/\/jordi.franlago.com\/wp-content\/uploads\/2026\/03\/IMG_0246-768x403.png 768w\" sizes=\"(max-width: 800px) 100vw, 800px\" \/>\t\t\t\t\t\t\t\t\t\t\t\t\t\t\t<\/div>\n\t\t\t\t<\/div>\n\t\t\t\t\t<\/div>\n\t\t\t\t<\/div>\n\t\t<div class=\"elementor-element elementor-element-2764b7f e-flex e-con-boxed e-con e-parent\" data-id=\"2764b7f\" data-element_type=\"container\" data-e-type=\"container\" data-settings=\"{&quot;background_background&quot;:&quot;classic&quot;}\">\n\t\t\t\t\t<div class=\"e-con-inner\">\n\t\t<div class=\"elementor-element elementor-element-32a199d e-con-full e-flex e-con e-child\" data-id=\"32a199d\" data-element_type=\"container\" data-e-type=\"container\">\n\t\t\t\t<div class=\"elementor-element elementor-element-f4045ed elementor-widget elementor-widget-text-editor\" data-id=\"f4045ed\" data-element_type=\"widget\" data-e-type=\"widget\" data-widget_type=\"text-editor.default\">\n\t\t\t\t\t\t\t\t\t<p>Desarrollamos planes de lanzamiento de productos para posicionarlos con fuerza desde el primer momento.<\/p>\t\t\t\t\t\t\t\t<\/div>\n\t\t\t\t<\/div>\n\t\t<div class=\"elementor-element elementor-element-f1f85a8 e-con-full e-flex e-con e-child\" data-id=\"f1f85a8\" data-element_type=\"container\" data-e-type=\"container\">\n\t\t\t\t<div class=\"elementor-element elementor-element-b68a33e elementor-widget elementor-widget-text-editor\" data-id=\"b68a33e\" data-element_type=\"widget\" data-e-type=\"widget\" data-widget_type=\"text-editor.default\">\n\t\t\t\t\t\t\t\t\t<p>Implementamos y configuramos sistemas CRM para mejorar la gesti\u00f3n y seguimiento de clientes<\/p>\t\t\t\t\t\t\t\t<\/div>\n\t\t\t\t<\/div>\n\t\t<div class=\"elementor-element elementor-element-35b092b e-con-full e-flex e-con e-child\" data-id=\"35b092b\" data-element_type=\"container\" data-e-type=\"container\">\n\t\t\t\t<div class=\"elementor-element elementor-element-85fbee3 elementor-widget elementor-widget-text-editor\" data-id=\"85fbee3\" data-element_type=\"widget\" data-e-type=\"widget\" data-widget_type=\"text-editor.default\">\n\t\t\t\t\t\t\t\t\t<p>Creamos producci\u00f3n audiovisual profesional para reforzar la comunicaci\u00f3n y la imagen de marca.<\/p>\t\t\t\t\t\t\t\t<\/div>\n\t\t\t\t<\/div>\n\t\t<div class=\"elementor-element elementor-element-0e1b7e9 e-con-full e-flex e-con e-child\" data-id=\"0e1b7e9\" data-element_type=\"container\" data-e-type=\"container\">\n\t\t\t\t<div class=\"elementor-element elementor-element-1fb6456 elementor-widget elementor-widget-text-editor\" data-id=\"1fb6456\" data-element_type=\"widget\" data-e-type=\"widget\" data-widget_type=\"text-editor.default\">\n\t\t\t\t\t\t\t\t\t<p>Optimizamos el embudo de ventas para mejorar la conversi\u00f3n y aumentar los resultados comerciales.<\/p>\t\t\t\t\t\t\t\t<\/div>\n\t\t\t\t<\/div>\n\t\t<div class=\"elementor-element elementor-element-9eed8c3 e-con-full e-flex e-con e-child\" data-id=\"9eed8c3\" data-element_type=\"container\" data-e-type=\"container\">\n\t\t\t\t<div class=\"elementor-element elementor-element-69723ef elementor-widget elementor-widget-text-editor\" data-id=\"69723ef\" data-element_type=\"widget\" data-e-type=\"widget\" data-widget_type=\"text-editor.default\">\n\t\t\t\t\t\t\t\t\t<p>Ofrecemos servicios de automatizaci\u00f3n de procesos comerciales para optimizar tareas repetitivas, mejorar la eficiencia y aumentar la productividad de tu negocio.<\/p>\t\t\t\t\t\t\t\t<\/div>\n\t\t\t\t<\/div>\n\t\t<div class=\"elementor-element elementor-element-5b0acc3 e-con-full e-flex e-con e-child\" data-id=\"5b0acc3\" data-element_type=\"container\" data-e-type=\"container\">\n\t\t\t\t<div class=\"elementor-element elementor-element-eb8a6a5 elementor-widget elementor-widget-text-editor\" data-id=\"eb8a6a5\" data-element_type=\"widget\" data-e-type=\"widget\" data-widget_type=\"text-editor.default\">\n\t\t\t\t\t\t\t\t\t<p>Organizamos eventos corporativos que fortalecen la visibilidad y el posicionamiento de tu negocio.<\/p>\t\t\t\t\t\t\t\t<\/div>\n\t\t\t\t<\/div>\n\t\t\t\t\t<\/div>\n\t\t\t\t<\/div>\n\t\t<div class=\"elementor-element elementor-element-325f889 e-flex e-con-boxed e-con e-parent\" data-id=\"325f889\" data-element_type=\"container\" data-e-type=\"container\" data-settings=\"{&quot;background_background&quot;:&quot;gradient&quot;}\">\n\t\t\t\t\t<div class=\"e-con-inner\">\n\t\t<div class=\"elementor-element elementor-element-b47e869 e-con-full e-flex e-con e-child\" data-id=\"b47e869\" data-element_type=\"container\" data-e-type=\"container\">\n\t\t\t\t<div class=\"elementor-element elementor-element-5963ca6 elementor-widget elementor-widget-image\" data-id=\"5963ca6\" data-element_type=\"widget\" data-e-type=\"widget\" data-widget_type=\"image.default\">\n\t\t\t\t\t\t\t\t\t\t\t\t\t\t\t<img decoding=\"async\" width=\"800\" height=\"419\" src=\"https:\/\/jordi.franlago.com\/wp-content\/uploads\/2026\/03\/IMG_0370-1024x536.png\" class=\"attachment-large size-large wp-image-463\" alt=\"\" srcset=\"https:\/\/jordi.franlago.com\/wp-content\/uploads\/2026\/03\/IMG_0370-1024x536.png 1024w, https:\/\/jordi.franlago.com\/wp-content\/uploads\/2026\/03\/IMG_0370-300x157.png 300w, https:\/\/jordi.franlago.com\/wp-content\/uploads\/2026\/03\/IMG_0370-768x402.png 768w, https:\/\/jordi.franlago.com\/wp-content\/uploads\/2026\/03\/IMG_0370.png 1200w\" sizes=\"(max-width: 800px) 100vw, 800px\" \/>\t\t\t\t\t\t\t\t\t\t\t\t\t\t\t<\/div>\n\t\t\t\t<\/div>\n\t\t<div class=\"elementor-element elementor-element-19bb277 e-con-full e-flex e-con e-child\" data-id=\"19bb277\" data-element_type=\"container\" data-e-type=\"container\">\n\t\t\t\t<div class=\"elementor-element elementor-element-7d63b73 elementor-widget elementor-widget-image\" data-id=\"7d63b73\" data-element_type=\"widget\" data-e-type=\"widget\" data-widget_type=\"image.default\">\n\t\t\t\t\t\t\t\t\t\t\t\t\t\t\t<img loading=\"lazy\" decoding=\"async\" width=\"800\" height=\"536\" src=\"https:\/\/jordi.franlago.com\/wp-content\/uploads\/2026\/03\/IMG_0371.jpeg\" class=\"attachment-large size-large wp-image-464\" alt=\"\" srcset=\"https:\/\/jordi.franlago.com\/wp-content\/uploads\/2026\/03\/IMG_0371.jpeg 1008w, https:\/\/jordi.franlago.com\/wp-content\/uploads\/2026\/03\/IMG_0371-300x201.jpeg 300w, https:\/\/jordi.franlago.com\/wp-content\/uploads\/2026\/03\/IMG_0371-768x514.jpeg 768w\" sizes=\"(max-width: 800px) 100vw, 800px\" \/>\t\t\t\t\t\t\t\t\t\t\t\t\t\t\t<\/div>\n\t\t\t\t<\/div>\n\t\t<div class=\"elementor-element elementor-element-18da58f e-con-full e-flex e-con e-child\" data-id=\"18da58f\" data-element_type=\"container\" data-e-type=\"container\">\n\t\t\t\t<div class=\"elementor-element elementor-element-826d0dd elementor-widget elementor-widget-image\" data-id=\"826d0dd\" data-element_type=\"widget\" data-e-type=\"widget\" data-widget_type=\"image.default\">\n\t\t\t\t\t\t\t\t\t\t\t\t\t\t\t<img loading=\"lazy\" decoding=\"async\" width=\"800\" height=\"502\" src=\"https:\/\/jordi.franlago.com\/wp-content\/uploads\/2026\/03\/IMG_0372.jpeg\" class=\"attachment-large size-large wp-image-465\" alt=\"\" srcset=\"https:\/\/jordi.franlago.com\/wp-content\/uploads\/2026\/03\/IMG_0372.jpeg 1024w, https:\/\/jordi.franlago.com\/wp-content\/uploads\/2026\/03\/IMG_0372-300x188.jpeg 300w, https:\/\/jordi.franlago.com\/wp-content\/uploads\/2026\/03\/IMG_0372-768x482.jpeg 768w\" sizes=\"(max-width: 800px) 100vw, 800px\" \/>\t\t\t\t\t\t\t\t\t\t\t\t\t\t\t<\/div>\n\t\t\t\t<\/div>\n\t\t<div class=\"elementor-element elementor-element-1f2b12d e-con-full e-flex e-con e-child\" data-id=\"1f2b12d\" data-element_type=\"container\" data-e-type=\"container\">\n\t\t\t\t<div class=\"elementor-element elementor-element-689b82c elementor-widget elementor-widget-image\" data-id=\"689b82c\" data-element_type=\"widget\" data-e-type=\"widget\" data-widget_type=\"image.default\">\n\t\t\t\t\t\t\t\t\t\t\t\t\t\t\t<img loading=\"lazy\" decoding=\"async\" width=\"800\" height=\"534\" src=\"https:\/\/jordi.franlago.com\/wp-content\/uploads\/2026\/03\/IMG_0373-1024x683.jpeg\" class=\"attachment-large size-large wp-image-466\" alt=\"\" srcset=\"https:\/\/jordi.franlago.com\/wp-content\/uploads\/2026\/03\/IMG_0373-1024x683.jpeg 1024w, https:\/\/jordi.franlago.com\/wp-content\/uploads\/2026\/03\/IMG_0373-300x200.jpeg 300w, https:\/\/jordi.franlago.com\/wp-content\/uploads\/2026\/03\/IMG_0373-768x512.jpeg 768w, https:\/\/jordi.franlago.com\/wp-content\/uploads\/2026\/03\/IMG_0373-1536x1024.jpeg 1536w, https:\/\/jordi.franlago.com\/wp-content\/uploads\/2026\/03\/IMG_0373.jpeg 1920w\" sizes=\"(max-width: 800px) 100vw, 800px\" \/>\t\t\t\t\t\t\t\t\t\t\t\t\t\t\t<\/div>\n\t\t\t\t<\/div>\n\t\t\t\t\t<\/div>\n\t\t\t\t<\/div>\n\t\t\t\t<\/div>\n\t\t","protected":false},"excerpt":{"rendered":"<p>Gesti\u00f3n de redes socialesCreaci\u00f3n de contenido, dise\u00f1o de posts, calendario editorial y gesti\u00f3n de comunidades en plataformas como Instagram, Facebook o TikTok SEO (Posicionamiento en buscadores)Optimizaci\u00f3n de p\u00e1ginas web para aparecer en los primeros resultados de b\u00fasqueda de forma org\u00e1nica. Email marketingCreaci\u00f3n de campa\u00f1as automatizadas y newsletters usando herramientas como Mailchimp Publicidad digital (Ads)Creaci\u00f3n y [&hellip;]<\/p>\n","protected":false},"author":1,"featured_media":0,"parent":0,"menu_order":0,"comment_status":"closed","ping_status":"closed","template":"elementor_header_footer","meta":{"footnotes":""},"class_list":["post-312","page","type-page","status-publish","hentry"],"_links":{"self":[{"href":"https:\/\/jordi.franlago.com\/index.php?rest_route=\/wp\/v2\/pages\/312","targetHints":{"allow":["GET"]}}],"collection":[{"href":"https:\/\/jordi.franlago.com\/index.php?rest_route=\/wp\/v2\/pages"}],"about":[{"href":"https:\/\/jordi.franlago.com\/index.php?rest_route=\/wp\/v2\/types\/page"}],"author":[{"embeddable":true,"href":"https:\/\/jordi.franlago.com\/index.php?rest_route=\/wp\/v2\/users\/1"}],"replies":[{"embeddable":true,"href":"https:\/\/jordi.franlago.com\/index.php?rest_route=%2Fwp%2Fv2%2Fcomments&post=312"}],"version-history":[{"count":22,"href":"https:\/\/jordi.franlago.com\/index.php?rest_route=\/wp\/v2\/pages\/312\/revisions"}],"predecessor-version":[{"id":469,"href":"https:\/\/jordi.franlago.com\/index.php?rest_route=\/wp\/v2\/pages\/312\/revisions\/469"}],"wp:attachment":[{"href":"https:\/\/jordi.franlago.com\/index.php?rest_route=%2Fwp%2Fv2%2Fmedia&parent=312"}],"curies":[{"name":"wp","href":"https:\/\/api.w.org\/{rel}","templated":true}]}}