{"id":26,"date":"2026-02-18T15:59:01","date_gmt":"2026-02-18T14:59:01","guid":{"rendered":"https:\/\/jordi.franlago.com\/?page_id=26"},"modified":"2026-03-12T12:09:16","modified_gmt":"2026-03-12T11:09:16","slug":"sobre-mi","status":"publish","type":"page","link":"https:\/\/jordi.franlago.com\/?page_id=26","title":{"rendered":"Sobre m\u00ed"},"content":{"rendered":"\t\t<div data-elementor-type=\"wp-page\" data-elementor-id=\"26\" class=\"elementor elementor-26\" data-elementor-post-type=\"page\">\n\t\t\t\t<div class=\"elementor-element elementor-element-ed321f0 e-flex e-con-boxed e-con e-parent\" data-id=\"ed321f0\" data-element_type=\"container\" data-e-type=\"container\" data-settings=\"{&quot;background_background&quot;:&quot;classic&quot;}\">\n\t\t\t\t\t<div class=\"e-con-inner\">\n\t\t<div class=\"elementor-element elementor-element-d127f45 e-con-full e-flex e-con e-child\" data-id=\"d127f45\" data-element_type=\"container\" data-e-type=\"container\">\n\t\t\t\t<div class=\"elementor-element elementor-element-b5133ec elementor-widget elementor-widget-text-editor\" data-id=\"b5133ec\" data-element_type=\"widget\" data-e-type=\"widget\" data-widget_type=\"text-editor.default\">\n\t\t\t\t\t\t\t\t\t<p>Soy Jordi Bulla, un estudiante del \u00e1mbito del marketing con una mentalidad profundamente creativa y una visi\u00f3n estrat\u00e9gica orientada a resultados.<\/p><p>Mi formaci\u00f3n y mi actitud me permiten integrarme con naturalidad en entornos laborales din\u00e1micos, demostrando una s\u00f3lida capacidad de adaptaci\u00f3n ante cualquier reto o cambio de escenario. No solo busco encajar en un equipo, sino aportar valor real desde el primer minuto.<\/p><p>En el \u00e1mbito colaborativo, destaco por mi facilidad para trabajar en equipos multidisciplinares. Creo firmemente que las mejores ideas nacen de la sinergia, por lo que mantengo siempre una comunicaci\u00f3n proactiva y efectiva con mis compa\u00f1eros. Mi disposici\u00f3n para colaborar de manera activa me permite no solo cumplir con mis responsabilidades, sino contribuir al \u00e9xito colectivo.<\/p><p>alineando mis esfuerzos con los objetivos globales de la organizaci\u00f3n de la que formo parte.<\/p>\t\t\t\t\t\t\t\t<\/div>\n\t\t\t\t<\/div>\n\t\t<div class=\"elementor-element elementor-element-9860d11 e-con-full e-flex e-con e-child\" data-id=\"9860d11\" data-element_type=\"container\" data-e-type=\"container\">\n\t\t\t\t<div class=\"elementor-element elementor-element-a6df111 elementor-widget elementor-widget-image\" data-id=\"a6df111\" data-element_type=\"widget\" data-e-type=\"widget\" data-widget_type=\"image.default\">\n\t\t\t\t\t\t\t\t\t\t\t\t\t\t\t<img fetchpriority=\"high\" decoding=\"async\" width=\"683\" height=\"1024\" src=\"https:\/\/jordi.franlago.com\/wp-content\/uploads\/2026\/03\/6567684a-f4ba-4cf1-a9c4-af6d894f2bbd-683x1024.jpeg\" class=\"attachment-large size-large wp-image-337\" alt=\"\" srcset=\"https:\/\/jordi.franlago.com\/wp-content\/uploads\/2026\/03\/6567684a-f4ba-4cf1-a9c4-af6d894f2bbd-683x1024.jpeg 683w, https:\/\/jordi.franlago.com\/wp-content\/uploads\/2026\/03\/6567684a-f4ba-4cf1-a9c4-af6d894f2bbd-200x300.jpeg 200w, https:\/\/jordi.franlago.com\/wp-content\/uploads\/2026\/03\/6567684a-f4ba-4cf1-a9c4-af6d894f2bbd-768x1151.jpeg 768w, https:\/\/jordi.franlago.com\/wp-content\/uploads\/2026\/03\/6567684a-f4ba-4cf1-a9c4-af6d894f2bbd-1025x1536.jpeg 1025w, https:\/\/jordi.franlago.com\/wp-content\/uploads\/2026\/03\/6567684a-f4ba-4cf1-a9c4-af6d894f2bbd.jpeg 1366w\" sizes=\"(max-width: 683px) 100vw, 683px\" \/>\t\t\t\t\t\t\t\t\t\t\t\t\t\t\t<\/div>\n\t\t\t\t<\/div>\n\t\t<div class=\"elementor-element elementor-element-b9d8de3 e-con-full e-flex e-con e-child\" data-id=\"b9d8de3\" data-element_type=\"container\" data-e-type=\"container\">\n\t\t\t\t<div class=\"elementor-element elementor-element-9829669 elementor-widget elementor-widget-image\" data-id=\"9829669\" data-element_type=\"widget\" data-e-type=\"widget\" data-widget_type=\"image.default\">\n\t\t\t\t\t\t\t\t\t\t\t\t\t\t\t<img decoding=\"async\" width=\"748\" height=\"1024\" src=\"https:\/\/jordi.franlago.com\/wp-content\/uploads\/2026\/03\/IMG_1751-748x1024.jpeg\" class=\"attachment-large size-large wp-image-339\" alt=\"\" srcset=\"https:\/\/jordi.franlago.com\/wp-content\/uploads\/2026\/03\/IMG_1751-748x1024.jpeg 748w, https:\/\/jordi.franlago.com\/wp-content\/uploads\/2026\/03\/IMG_1751-219x300.jpeg 219w, https:\/\/jordi.franlago.com\/wp-content\/uploads\/2026\/03\/IMG_1751-768x1051.jpeg 768w, https:\/\/jordi.franlago.com\/wp-content\/uploads\/2026\/03\/IMG_1751.jpeg 848w\" sizes=\"(max-width: 748px) 100vw, 748px\" \/>\t\t\t\t\t\t\t\t\t\t\t\t\t\t\t<\/div>\n\t\t\t\t<\/div>\n\t\t<div class=\"elementor-element elementor-element-8b97873 e-con-full e-flex e-con e-child\" data-id=\"8b97873\" data-element_type=\"container\" data-e-type=\"container\">\n\t\t\t\t<div class=\"elementor-element elementor-element-c9be11e elementor-widget elementor-widget-text-editor\" data-id=\"c9be11e\" data-element_type=\"widget\" data-e-type=\"widget\" data-widget_type=\"text-editor.default\">\n\t\t\t\t\t\t\t\t\t<p><br><\/p><p>Adem\u00e1s, mantengo una actitud de aprendizaje constante.<\/p>\n<p>consciente de la evoluci\u00f3n continua del sector del marketing. Me interesa especialmente el an\u00e1lisis del comportamiento del consumidor y el desarrollo de estrategias digitales orientadas a resultados, por lo que procuro complementar mi formaci\u00f3n con la exploraci\u00f3n de nuevas herramientas y tendencias que aporten valor<\/p>\n<p>real y medible.<\/p>\n<p>Mi objetivo profesional es consolidar un perfil estrat\u00e9gico y vers\u00e1til, capaz de transformar ideas en propuestas efectivas para las marcas.<\/p>\n<p>Aspiro a crecer dentro de organizaciones din\u00e1micas, asumiendo responsabilidades y contribuyendo activamente al logro de sus objetivos en un entorno competitivo y en constante cambio.<\/p>\t\t\t\t\t\t\t\t<\/div>\n\t\t\t\t<\/div>\n\t\t\t\t\t<\/div>\n\t\t\t\t<\/div>\n\t\t<div class=\"elementor-element elementor-element-3d4732b e-flex e-con-boxed e-con e-parent\" data-id=\"3d4732b\" data-element_type=\"container\" data-e-type=\"container\" data-settings=\"{&quot;background_background&quot;:&quot;classic&quot;}\">\n\t\t\t\t\t<div class=\"e-con-inner\">\n\t\t<div class=\"elementor-element elementor-element-2aeaf1b e-con-full e-flex e-con e-child\" data-id=\"2aeaf1b\" data-element_type=\"container\" data-e-type=\"container\">\n\t\t\t\t<div class=\"elementor-element elementor-element-02d378e elementor-widget elementor-widget-text-editor\" data-id=\"02d378e\" data-element_type=\"widget\" data-e-type=\"widget\" data-widget_type=\"text-editor.default\">\n\t\t\t\t\t\t\t\t\t<p>\u00a0<\/p><p>\u00a0<\/p><p>En definitiva, me considero una persona creativa, estrat\u00e9gica y comprometida con el aprendizaje continuo.<\/p><p>Me motiva aportar valor real, trabajar en equipo y afrontar nuevos retos que me permitan seguir creciendo tanto a nivel profesional como personal.<\/p><p>Mi objetivo es seguir desarrollando mi perfil dentro del marketing, contribuyendo con ideas que generen impacto y ayudando a las marcas a conectar de forma aut\u00e9ntica con las personas.<\/p>\t\t\t\t\t\t\t\t<\/div>\n\t\t\t\t<\/div>\n\t\t<div class=\"elementor-element elementor-element-a62784b e-con-full e-flex e-con e-child\" data-id=\"a62784b\" data-element_type=\"container\" data-e-type=\"container\">\n\t\t\t\t<div class=\"elementor-element elementor-element-6229b0c elementor-widget elementor-widget-image\" data-id=\"6229b0c\" data-element_type=\"widget\" data-e-type=\"widget\" data-widget_type=\"image.default\">\n\t\t\t\t\t\t\t\t\t\t\t\t\t\t\t<img decoding=\"async\" width=\"800\" height=\"527\" src=\"https:\/\/jordi.franlago.com\/wp-content\/uploads\/2026\/02\/IMG_0188-1024x675.jpeg\" class=\"attachment-large size-large wp-image-269\" alt=\"\" srcset=\"https:\/\/jordi.franlago.com\/wp-content\/uploads\/2026\/02\/IMG_0188-1024x675.jpeg 1024w, https:\/\/jordi.franlago.com\/wp-content\/uploads\/2026\/02\/IMG_0188-300x198.jpeg 300w, https:\/\/jordi.franlago.com\/wp-content\/uploads\/2026\/02\/IMG_0188-768x506.jpeg 768w, https:\/\/jordi.franlago.com\/wp-content\/uploads\/2026\/02\/IMG_0188.jpeg 1184w\" sizes=\"(max-width: 800px) 100vw, 800px\" \/>\t\t\t\t\t\t\t\t\t\t\t\t\t\t\t<\/div>\n\t\t\t\t<\/div>\n\t\t\t\t\t<\/div>\n\t\t\t\t<\/div>\n\t\t<div class=\"elementor-element elementor-element-1b990a8 e-flex e-con-boxed e-con e-parent\" data-id=\"1b990a8\" data-element_type=\"container\" data-e-type=\"container\" data-settings=\"{&quot;background_background&quot;:&quot;classic&quot;}\">\n\t\t\t\t\t<div class=\"e-con-inner\">\n\t\t\t\t<div class=\"elementor-element elementor-element-72cbd7f elementor-widget elementor-widget-gallery\" data-id=\"72cbd7f\" data-element_type=\"widget\" data-e-type=\"widget\" data-settings=\"{&quot;lazyload&quot;:&quot;yes&quot;,&quot;gallery_layout&quot;:&quot;grid&quot;,&quot;columns&quot;:4,&quot;columns_tablet&quot;:2,&quot;columns_mobile&quot;:1,&quot;gap&quot;:{&quot;unit&quot;:&quot;px&quot;,&quot;size&quot;:10,&quot;sizes&quot;:[]},&quot;gap_tablet&quot;:{&quot;unit&quot;:&quot;px&quot;,&quot;size&quot;:10,&quot;sizes&quot;:[]},&quot;gap_mobile&quot;:{&quot;unit&quot;:&quot;px&quot;,&quot;size&quot;:10,&quot;sizes&quot;:[]},&quot;link_to&quot;:&quot;file&quot;,&quot;aspect_ratio&quot;:&quot;3:2&quot;,&quot;overlay_background&quot;:&quot;yes&quot;,&quot;content_hover_animation&quot;:&quot;fade-in&quot;}\" data-widget_type=\"gallery.default\">\n\t\t\t\t\t\t\t<div class=\"elementor-gallery__container\">\n\t\t\t\t\t\t\t<a class=\"e-gallery-item elementor-gallery-item elementor-animated-content\" href=\"https:\/\/jordi.franlago.com\/wp-content\/uploads\/2026\/03\/37120c96-c2d1-48aa-b550-8137b672123b-scaled.jpeg\" data-elementor-open-lightbox=\"yes\" data-elementor-lightbox-slideshow=\"72cbd7f\" data-elementor-lightbox-title=\"37120c96-c2d1-48aa-b550-8137b672123b\" data-e-action-hash=\"#elementor-action%3Aaction%3Dlightbox%26settings%3DeyJpZCI6NDcwLCJ1cmwiOiJodHRwczpcL1wvam9yZGkuZnJhbmxhZ28uY29tXC93cC1jb250ZW50XC91cGxvYWRzXC8yMDI2XC8wM1wvMzcxMjBjOTYtYzJkMS00OGFhLWI1NTAtODEzN2I2NzIxMjNiLXNjYWxlZC5qcGVnIiwic2xpZGVzaG93IjoiNzJjYmQ3ZiJ9\">\n\t\t\t\t\t<div class=\"e-gallery-image elementor-gallery-item__image\" data-thumbnail=\"https:\/\/jordi.franlago.com\/wp-content\/uploads\/2026\/03\/37120c96-c2d1-48aa-b550-8137b672123b-200x300.jpeg\" data-width=\"200\" data-height=\"300\" aria-label=\"\" role=\"img\" ><\/div>\n\t\t\t\t\t\t\t\t\t\t\t<div class=\"elementor-gallery-item__overlay\"><\/div>\n\t\t\t\t\t\t\t\t\t\t\t\t\t\t<\/a>\n\t\t\t\t\t\t\t<a class=\"e-gallery-item elementor-gallery-item elementor-animated-content\" href=\"https:\/\/jordi.franlago.com\/wp-content\/uploads\/2026\/03\/868ea280-131e-470a-8d55-585554a91c9c-scaled.jpeg\" data-elementor-open-lightbox=\"yes\" data-elementor-lightbox-slideshow=\"72cbd7f\" data-elementor-lightbox-title=\"868ea280-131e-470a-8d55-585554a91c9c\" data-e-action-hash=\"#elementor-action%3Aaction%3Dlightbox%26settings%3DeyJpZCI6NDcxLCJ1cmwiOiJodHRwczpcL1wvam9yZGkuZnJhbmxhZ28uY29tXC93cC1jb250ZW50XC91cGxvYWRzXC8yMDI2XC8wM1wvODY4ZWEyODAtMTMxZS00NzBhLThkNTUtNTg1NTU0YTkxYzljLXNjYWxlZC5qcGVnIiwic2xpZGVzaG93IjoiNzJjYmQ3ZiJ9\">\n\t\t\t\t\t<div class=\"e-gallery-image elementor-gallery-item__image\" data-thumbnail=\"https:\/\/jordi.franlago.com\/wp-content\/uploads\/2026\/03\/868ea280-131e-470a-8d55-585554a91c9c-200x300.jpeg\" data-width=\"200\" data-height=\"300\" aria-label=\"\" role=\"img\" ><\/div>\n\t\t\t\t\t\t\t\t\t\t\t<div class=\"elementor-gallery-item__overlay\"><\/div>\n\t\t\t\t\t\t\t\t\t\t\t\t\t\t<\/a>\n\t\t\t\t\t\t\t<a class=\"e-gallery-item elementor-gallery-item elementor-animated-content\" href=\"https:\/\/jordi.franlago.com\/wp-content\/uploads\/2026\/03\/2a8e11ee-b74f-4efb-9d23-aca2a595e768-scaled.jpeg\" data-elementor-open-lightbox=\"yes\" data-elementor-lightbox-slideshow=\"72cbd7f\" data-elementor-lightbox-title=\"2a8e11ee-b74f-4efb-9d23-aca2a595e768\" data-e-action-hash=\"#elementor-action%3Aaction%3Dlightbox%26settings%3DeyJpZCI6NDcyLCJ1cmwiOiJodHRwczpcL1wvam9yZGkuZnJhbmxhZ28uY29tXC93cC1jb250ZW50XC91cGxvYWRzXC8yMDI2XC8wM1wvMmE4ZTExZWUtYjc0Zi00ZWZiLTlkMjMtYWNhMmE1OTVlNzY4LXNjYWxlZC5qcGVnIiwic2xpZGVzaG93IjoiNzJjYmQ3ZiJ9\">\n\t\t\t\t\t<div class=\"e-gallery-image elementor-gallery-item__image\" data-thumbnail=\"https:\/\/jordi.franlago.com\/wp-content\/uploads\/2026\/03\/2a8e11ee-b74f-4efb-9d23-aca2a595e768-300x200.jpeg\" data-width=\"300\" data-height=\"200\" aria-label=\"\" role=\"img\" ><\/div>\n\t\t\t\t\t\t\t\t\t\t\t<div class=\"elementor-gallery-item__overlay\"><\/div>\n\t\t\t\t\t\t\t\t\t\t\t\t\t\t<\/a>\n\t\t\t\t\t\t\t<a class=\"e-gallery-item elementor-gallery-item elementor-animated-content\" href=\"https:\/\/jordi.franlago.com\/wp-content\/uploads\/2026\/03\/IMG_1751.jpeg\" data-elementor-open-lightbox=\"yes\" data-elementor-lightbox-slideshow=\"72cbd7f\" data-elementor-lightbox-title=\"IMG_1751\" data-e-action-hash=\"#elementor-action%3Aaction%3Dlightbox%26settings%3DeyJpZCI6MzM5LCJ1cmwiOiJodHRwczpcL1wvam9yZGkuZnJhbmxhZ28uY29tXC93cC1jb250ZW50XC91cGxvYWRzXC8yMDI2XC8wM1wvSU1HXzE3NTEuanBlZyIsInNsaWRlc2hvdyI6IjcyY2JkN2YifQ%3D%3D\">\n\t\t\t\t\t<div class=\"e-gallery-image elementor-gallery-item__image\" data-thumbnail=\"https:\/\/jordi.franlago.com\/wp-content\/uploads\/2026\/03\/IMG_1751-219x300.jpeg\" data-width=\"219\" data-height=\"300\" aria-label=\"\" role=\"img\" ><\/div>\n\t\t\t\t\t\t\t\t\t\t\t<div class=\"elementor-gallery-item__overlay\"><\/div>\n\t\t\t\t\t\t\t\t\t\t\t\t\t\t<\/a>\n\t\t\t\t\t<\/div>\n\t\t\t\t\t<\/div>\n\t\t\t\t\t<\/div>\n\t\t\t\t<\/div>\n\t\t<div class=\"elementor-element elementor-element-be002cf e-flex e-con-boxed e-con e-parent\" data-id=\"be002cf\" data-element_type=\"container\" data-e-type=\"container\" data-settings=\"{&quot;background_background&quot;:&quot;classic&quot;}\">\n\t\t\t\t\t<div class=\"e-con-inner\">\n\t\t\t\t<div class=\"elementor-element elementor-element-13e74a1 elementor-view-default elementor-widget elementor-widget-icon\" data-id=\"13e74a1\" data-element_type=\"widget\" data-e-type=\"widget\" data-widget_type=\"icon.default\">\n\t\t\t\t\t\t\t<div class=\"elementor-icon-wrapper\">\n\t\t\t<div class=\"elementor-icon\">\n\t\t\t<svg aria-hidden=\"true\" class=\"e-font-icon-svg e-far-eye\" viewBox=\"0 0 576 512\" xmlns=\"http:\/\/www.w3.org\/2000\/svg\"><path d=\"M288 144a110.94 110.94 0 0 0-31.24 5 55.4 55.4 0 0 1 7.24 27 56 56 0 0 1-56 56 55.4 55.4 0 0 1-27-7.24A111.71 111.71 0 1 0 288 144zm284.52 97.4C518.29 135.59 410.93 64 288 64S57.68 135.64 3.48 241.41a32.35 32.35 0 0 0 0 29.19C57.71 376.41 165.07 448 288 448s230.32-71.64 284.52-177.41a32.35 32.35 0 0 0 0-29.19zM288 400c-98.65 0-189.09-55-237.93-144C98.91 167 189.34 112 288 112s189.09 55 237.93 144C477.1 345 386.66 400 288 400z\"><\/path><\/svg>\t\t\t<\/div>\n\t\t<\/div>\n\t\t\t\t\t\t<\/div>\n\t\t\t\t\t<\/div>\n\t\t\t\t<\/div>\n\t\t\t\t<\/div>\n\t\t","protected":false},"excerpt":{"rendered":"<p>Soy Jordi Bulla, un estudiante del \u00e1mbito del marketing con una mentalidad profundamente creativa y una visi\u00f3n estrat\u00e9gica orientada a resultados. Mi formaci\u00f3n y mi actitud me permiten integrarme con naturalidad en entornos laborales din\u00e1micos, demostrando una s\u00f3lida capacidad de adaptaci\u00f3n ante cualquier reto o cambio de escenario. No solo busco encajar en un equipo, [&hellip;]<\/p>\n","protected":false},"author":1,"featured_media":0,"parent":0,"menu_order":0,"comment_status":"closed","ping_status":"closed","template":"elementor_header_footer","meta":{"footnotes":""},"class_list":["post-26","page","type-page","status-publish","hentry"],"_links":{"self":[{"href":"https:\/\/jordi.franlago.com\/index.php?rest_route=\/wp\/v2\/pages\/26","targetHints":{"allow":["GET"]}}],"collection":[{"href":"https:\/\/jordi.franlago.com\/index.php?rest_route=\/wp\/v2\/pages"}],"about":[{"href":"https:\/\/jordi.franlago.com\/index.php?rest_route=\/wp\/v2\/types\/page"}],"author":[{"embeddable":true,"href":"https:\/\/jordi.franlago.com\/index.php?rest_route=\/wp\/v2\/users\/1"}],"replies":[{"embeddable":true,"href":"https:\/\/jordi.franlago.com\/index.php?rest_route=%2Fwp%2Fv2%2Fcomments&post=26"}],"version-history":[{"count":65,"href":"https:\/\/jordi.franlago.com\/index.php?rest_route=\/wp\/v2\/pages\/26\/revisions"}],"predecessor-version":[{"id":475,"href":"https:\/\/jordi.franlago.com\/index.php?rest_route=\/wp\/v2\/pages\/26\/revisions\/475"}],"wp:attachment":[{"href":"https:\/\/jordi.franlago.com\/index.php?rest_route=%2Fwp%2Fv2%2Fmedia&parent=26"}],"curies":[{"name":"wp","href":"https:\/\/api.w.org\/{rel}","templated":true}]}}