{"id":10,"date":"2026-02-18T15:58:41","date_gmt":"2026-02-18T14:58:41","guid":{"rendered":"https:\/\/jordi.franlago.com\/?page_id=10"},"modified":"2026-03-12T13:26:40","modified_gmt":"2026-03-12T12:26:40","slug":"inicio","status":"publish","type":"page","link":"https:\/\/jordi.franlago.com\/","title":{"rendered":"Inicio"},"content":{"rendered":"\t\t<div data-elementor-type=\"wp-page\" data-elementor-id=\"10\" class=\"elementor elementor-10\" data-elementor-post-type=\"page\">\n\t\t\t\t<div class=\"elementor-element elementor-element-a34b4fb e-flex e-con-boxed e-con e-parent\" data-id=\"a34b4fb\" data-element_type=\"container\" data-e-type=\"container\" data-settings=\"{&quot;background_background&quot;:&quot;gradient&quot;}\">\n\t\t\t\t\t<div class=\"e-con-inner\">\n\t\t\t\t<div class=\"elementor-element elementor-element-029c861 elementor-view-default elementor-widget elementor-widget-icon\" data-id=\"029c861\" data-element_type=\"widget\" data-e-type=\"widget\" data-widget_type=\"icon.default\">\n\t\t\t\t\t\t\t<div class=\"elementor-icon-wrapper\">\n\t\t\t<div class=\"elementor-icon\">\n\t\t\t<svg aria-hidden=\"true\" class=\"e-font-icon-svg e-fas-home\" viewBox=\"0 0 576 512\" xmlns=\"http:\/\/www.w3.org\/2000\/svg\"><path d=\"M280.37 148.26L96 300.11V464a16 16 0 0 0 16 16l112.06-.29a16 16 0 0 0 15.92-16V368a16 16 0 0 1 16-16h64a16 16 0 0 1 16 16v95.64a16 16 0 0 0 16 16.05L464 480a16 16 0 0 0 16-16V300L295.67 148.26a12.19 12.19 0 0 0-15.3 0zM571.6 251.47L488 182.56V44.05a12 12 0 0 0-12-12h-56a12 12 0 0 0-12 12v72.61L318.47 43a48 48 0 0 0-61 0L4.34 251.47a12 12 0 0 0-1.6 16.9l25.5 31A12 12 0 0 0 45.15 301l235.22-193.74a12.19 12.19 0 0 1 15.3 0L530.9 301a12 12 0 0 0 16.9-1.6l25.5-31a12 12 0 0 0-1.7-16.93z\"><\/path><\/svg>\t\t\t<\/div>\n\t\t<\/div>\n\t\t\t\t\t\t<\/div>\n\t\t\t\t<div class=\"elementor-element elementor-element-bca5eec elementor-widget elementor-widget-image\" data-id=\"bca5eec\" data-element_type=\"widget\" data-e-type=\"widget\" data-widget_type=\"image.default\">\n\t\t\t\t\t\t\t\t\t\t\t\t\t\t\t<img fetchpriority=\"high\" decoding=\"async\" width=\"800\" height=\"400\" src=\"https:\/\/jordi.franlago.com\/wp-content\/uploads\/2026\/02\/Diseno-sin-titulo-1024x512.png\" class=\"attachment-large size-large wp-image-194\" alt=\"\" srcset=\"https:\/\/jordi.franlago.com\/wp-content\/uploads\/2026\/02\/Diseno-sin-titulo-1024x512.png 1024w, https:\/\/jordi.franlago.com\/wp-content\/uploads\/2026\/02\/Diseno-sin-titulo-300x150.png 300w, https:\/\/jordi.franlago.com\/wp-content\/uploads\/2026\/02\/Diseno-sin-titulo-768x384.png 768w, https:\/\/jordi.franlago.com\/wp-content\/uploads\/2026\/02\/Diseno-sin-titulo-1536x768.png 1536w, https:\/\/jordi.franlago.com\/wp-content\/uploads\/2026\/02\/Diseno-sin-titulo-2048x1024.png 2048w\" sizes=\"(max-width: 800px) 100vw, 800px\" \/>\t\t\t\t\t\t\t\t\t\t\t\t\t\t\t<\/div>\n\t\t\t\t\t<\/div>\n\t\t\t\t<\/div>\n\t\t<div class=\"elementor-element elementor-element-abf4e59 e-flex e-con-boxed e-con e-parent\" data-id=\"abf4e59\" data-element_type=\"container\" data-e-type=\"container\" data-settings=\"{&quot;background_background&quot;:&quot;gradient&quot;}\">\n\t\t\t\t\t<div class=\"e-con-inner\">\n\t\t\t\t<div class=\"elementor-element elementor-element-ead685a elementor-widget elementor-widget-text-editor\" data-id=\"ead685a\" data-element_type=\"widget\" data-e-type=\"widget\" data-widget_type=\"text-editor.default\">\n\t\t\t\t\t\t\t\t\t<p><span class=\"a_GcMg font-feature-liga-off font-feature-clig-off font-feature-calt-off text-decoration-none text-strikethrough-none\">Soy estudiante del \u00e1mbito del marketing, con una marcada orientaci\u00f3n hacia la creatividad y una s\u00f3lida capacidad de adaptaci\u00f3n a diferentes entornos y din\u00e1micas laborales. Me caracterizo por mi facilidad para integrarme en equipos multidisciplinares y por mi disposici\u00f3n para colaborar de manera activa con otras personas, contribuyendo al logro de objetivos comunes mediante una comunicaci\u00f3n efectiva y una actitud proactiva. Asimismo, destaco por mi resiliencia y mi capacidad para afrontar retos y situaciones de presi\u00f3n con una actitud positiva y perseverante, manteniendo siempre el compromiso con la mejora continua y el aprendizaje constante. Adem\u00e1s, poseo un nivel alto de ingl\u00e9s, lo que me permite desenvolverme con soltura en contextos internacionales y acceder a recursos y oportunidades en un entorno globalizado.<\/span><\/p>\t\t\t\t\t\t\t\t<\/div>\n\t\t\t\t\t<\/div>\n\t\t\t\t<\/div>\n\t\t<div class=\"elementor-element elementor-element-39af8df e-flex e-con-boxed e-con e-parent\" data-id=\"39af8df\" data-element_type=\"container\" data-e-type=\"container\" data-settings=\"{&quot;background_background&quot;:&quot;gradient&quot;}\">\n\t\t\t\t\t<div class=\"e-con-inner\">\n\t\t<div class=\"elementor-element elementor-element-fc6c44c e-con-full e-flex e-con e-child\" data-id=\"fc6c44c\" data-element_type=\"container\" data-e-type=\"container\">\n\t\t\t\t<div class=\"elementor-element elementor-element-8955f0c elementor-widget elementor-widget-image\" data-id=\"8955f0c\" data-element_type=\"widget\" data-e-type=\"widget\" data-widget_type=\"image.default\">\n\t\t\t\t\t\t\t\t\t\t\t\t\t\t\t<img decoding=\"async\" width=\"800\" height=\"533\" src=\"https:\/\/jordi.franlago.com\/wp-content\/uploads\/2026\/02\/IMG_0213.jpeg\" class=\"attachment-large size-large wp-image-217\" alt=\"\" srcset=\"https:\/\/jordi.franlago.com\/wp-content\/uploads\/2026\/02\/IMG_0213.jpeg 1024w, https:\/\/jordi.franlago.com\/wp-content\/uploads\/2026\/02\/IMG_0213-300x200.jpeg 300w, https:\/\/jordi.franlago.com\/wp-content\/uploads\/2026\/02\/IMG_0213-768x512.jpeg 768w\" sizes=\"(max-width: 800px) 100vw, 800px\" \/>\t\t\t\t\t\t\t\t\t\t\t\t\t\t\t<\/div>\n\t\t\t\t<\/div>\n\t\t<div class=\"elementor-element elementor-element-a994a9a e-con-full e-flex e-con e-child\" data-id=\"a994a9a\" data-element_type=\"container\" data-e-type=\"container\">\n\t\t\t\t<div class=\"elementor-element elementor-element-e7f8a14 elementor-widget elementor-widget-image\" data-id=\"e7f8a14\" data-element_type=\"widget\" data-e-type=\"widget\" data-widget_type=\"image.default\">\n\t\t\t\t\t\t\t\t\t\t\t\t\t\t\t<img decoding=\"async\" width=\"800\" height=\"527\" src=\"https:\/\/jordi.franlago.com\/wp-content\/uploads\/2026\/02\/IMG_0188-1024x675.jpeg\" class=\"attachment-large size-large wp-image-269\" alt=\"\" srcset=\"https:\/\/jordi.franlago.com\/wp-content\/uploads\/2026\/02\/IMG_0188-1024x675.jpeg 1024w, https:\/\/jordi.franlago.com\/wp-content\/uploads\/2026\/02\/IMG_0188-300x198.jpeg 300w, https:\/\/jordi.franlago.com\/wp-content\/uploads\/2026\/02\/IMG_0188-768x506.jpeg 768w, https:\/\/jordi.franlago.com\/wp-content\/uploads\/2026\/02\/IMG_0188.jpeg 1184w\" sizes=\"(max-width: 800px) 100vw, 800px\" \/>\t\t\t\t\t\t\t\t\t\t\t\t\t\t\t<\/div>\n\t\t\t\t<\/div>\n\t\t\t\t\t<\/div>\n\t\t\t\t<\/div>\n\t\t<div class=\"elementor-element elementor-element-9f9b88c e-flex e-con-boxed e-con e-parent\" data-id=\"9f9b88c\" data-element_type=\"container\" data-e-type=\"container\" data-settings=\"{&quot;background_background&quot;:&quot;classic&quot;}\">\n\t\t\t\t\t<div class=\"e-con-inner\">\n\t\t<div class=\"elementor-element elementor-element-81929ec e-con-full e-flex e-con e-child\" data-id=\"81929ec\" data-element_type=\"container\" data-e-type=\"container\">\n\t\t\t\t<div class=\"elementor-element elementor-element-ebb9f19 elementor-widget elementor-widget-image\" data-id=\"ebb9f19\" data-element_type=\"widget\" data-e-type=\"widget\" data-widget_type=\"image.default\">\n\t\t\t\t\t\t\t\t\t\t\t\t\t\t\t<img loading=\"lazy\" decoding=\"async\" width=\"800\" height=\"600\" src=\"https:\/\/jordi.franlago.com\/wp-content\/uploads\/2026\/02\/IMG_0214.jpeg\" class=\"attachment-large size-large wp-image-218\" alt=\"\" srcset=\"https:\/\/jordi.franlago.com\/wp-content\/uploads\/2026\/02\/IMG_0214.jpeg 1000w, https:\/\/jordi.franlago.com\/wp-content\/uploads\/2026\/02\/IMG_0214-300x225.jpeg 300w, https:\/\/jordi.franlago.com\/wp-content\/uploads\/2026\/02\/IMG_0214-768x576.jpeg 768w\" sizes=\"(max-width: 800px) 100vw, 800px\" \/>\t\t\t\t\t\t\t\t\t\t\t\t\t\t\t<\/div>\n\t\t\t\t<\/div>\n\t\t<div class=\"elementor-element elementor-element-810cf59 e-con-full e-flex e-con e-child\" data-id=\"810cf59\" data-element_type=\"container\" data-e-type=\"container\">\n\t\t\t\t<div class=\"elementor-element elementor-element-12ca0cf elementor-widget elementor-widget-image\" data-id=\"12ca0cf\" data-element_type=\"widget\" data-e-type=\"widget\" data-widget_type=\"image.default\">\n\t\t\t\t\t\t\t\t\t\t\t\t\t\t\t<img loading=\"lazy\" decoding=\"async\" width=\"800\" height=\"520\" src=\"https:\/\/jordi.franlago.com\/wp-content\/uploads\/2026\/02\/IMG_0206-1024x665.webp\" class=\"attachment-large size-large wp-image-184\" alt=\"\" srcset=\"https:\/\/jordi.franlago.com\/wp-content\/uploads\/2026\/02\/IMG_0206-1024x665.webp 1024w, https:\/\/jordi.franlago.com\/wp-content\/uploads\/2026\/02\/IMG_0206-300x195.webp 300w, https:\/\/jordi.franlago.com\/wp-content\/uploads\/2026\/02\/IMG_0206-768x499.webp 768w, https:\/\/jordi.franlago.com\/wp-content\/uploads\/2026\/02\/IMG_0206.webp 1170w\" sizes=\"(max-width: 800px) 100vw, 800px\" \/>\t\t\t\t\t\t\t\t\t\t\t\t\t\t\t<\/div>\n\t\t\t\t<\/div>\n\t\t<div class=\"elementor-element elementor-element-a3cc8cb e-con-full e-flex e-con e-child\" data-id=\"a3cc8cb\" data-element_type=\"container\" data-e-type=\"container\">\n\t\t\t\t<div class=\"elementor-element elementor-element-4594701 elementor-widget elementor-widget-text-editor\" data-id=\"4594701\" data-element_type=\"widget\" data-e-type=\"widget\" data-widget_type=\"text-editor.default\">\n\t\t\t\t\t\t\t\t\t<p>Combinamos estrategia, tecnolog\u00eda y creatividad para ayudar a empresas a crecer en el mundo online. Desde la transformaci\u00f3n digital y el comercio electr\u00f3nico hasta la captaci\u00f3n de clientes y la optimizaci\u00f3n de procesos, trabajamos con un enfoque orientado a resultados medibles.<\/p>\n<p>Nuestro equipo analiza cada proyecto de forma personalizada para dise\u00f1ar soluciones que aumenten tu visibilidad, mejoren tu posicionamiento y conviertan oportunidades en ventas reales. No solo hacemos marketing: construimos crecimiento sostenible.<\/p>\t\t\t\t\t\t\t\t<\/div>\n\t\t\t\t<\/div>\n\t\t\t\t\t<\/div>\n\t\t\t\t<\/div>\n\t\t<div class=\"elementor-element elementor-element-468cea4 e-flex e-con-boxed e-con e-parent\" data-id=\"468cea4\" data-element_type=\"container\" data-e-type=\"container\" data-settings=\"{&quot;background_background&quot;:&quot;classic&quot;}\">\n\t\t\t\t\t<div class=\"e-con-inner\">\n\t\t<div class=\"elementor-element elementor-element-1f54748 e-con-full e-flex e-con e-child\" data-id=\"1f54748\" data-element_type=\"container\" data-e-type=\"container\">\n\t\t\t\t<div class=\"elementor-element elementor-element-d4d6feb elementor-widget elementor-widget-image\" data-id=\"d4d6feb\" data-element_type=\"widget\" data-e-type=\"widget\" data-widget_type=\"image.default\">\n\t\t\t\t\t\t\t\t\t\t\t\t\t\t\t<img loading=\"lazy\" decoding=\"async\" width=\"800\" height=\"534\" src=\"https:\/\/jordi.franlago.com\/wp-content\/uploads\/2026\/03\/IMG_0253-1024x683.jpeg\" class=\"attachment-large size-large wp-image-390\" alt=\"\" srcset=\"https:\/\/jordi.franlago.com\/wp-content\/uploads\/2026\/03\/IMG_0253-1024x683.jpeg 1024w, https:\/\/jordi.franlago.com\/wp-content\/uploads\/2026\/03\/IMG_0253-300x200.jpeg 300w, https:\/\/jordi.franlago.com\/wp-content\/uploads\/2026\/03\/IMG_0253-768x512.jpeg 768w, https:\/\/jordi.franlago.com\/wp-content\/uploads\/2026\/03\/IMG_0253-1536x1024.jpeg 1536w, https:\/\/jordi.franlago.com\/wp-content\/uploads\/2026\/03\/IMG_0253.jpeg 1920w\" sizes=\"(max-width: 800px) 100vw, 800px\" \/>\t\t\t\t\t\t\t\t\t\t\t\t\t\t\t<\/div>\n\t\t\t\t<\/div>\n\t\t<div class=\"elementor-element elementor-element-008bcbf e-con-full e-flex e-con e-child\" data-id=\"008bcbf\" data-element_type=\"container\" data-e-type=\"container\">\n\t\t\t\t<div class=\"elementor-element elementor-element-fbf7739 elementor-widget elementor-widget-image\" data-id=\"fbf7739\" data-element_type=\"widget\" data-e-type=\"widget\" data-widget_type=\"image.default\">\n\t\t\t\t\t\t\t\t\t\t\t\t\t\t\t<img loading=\"lazy\" decoding=\"async\" width=\"800\" height=\"533\" src=\"https:\/\/jordi.franlago.com\/wp-content\/uploads\/2026\/03\/IMG_0252.jpeg\" class=\"attachment-large size-large wp-image-389\" alt=\"\" srcset=\"https:\/\/jordi.franlago.com\/wp-content\/uploads\/2026\/03\/IMG_0252.jpeg 960w, https:\/\/jordi.franlago.com\/wp-content\/uploads\/2026\/03\/IMG_0252-300x200.jpeg 300w, https:\/\/jordi.franlago.com\/wp-content\/uploads\/2026\/03\/IMG_0252-768x512.jpeg 768w\" sizes=\"(max-width: 800px) 100vw, 800px\" \/>\t\t\t\t\t\t\t\t\t\t\t\t\t\t\t<\/div>\n\t\t\t\t<\/div>\n\t\t\t\t\t<\/div>\n\t\t\t\t<\/div>\n\t\t<div class=\"elementor-element elementor-element-d7d9578 e-flex e-con-boxed e-con e-parent\" data-id=\"d7d9578\" data-element_type=\"container\" data-e-type=\"container\" data-settings=\"{&quot;background_background&quot;:&quot;classic&quot;}\">\n\t\t\t\t\t<div class=\"e-con-inner\">\n\t\t\t\t<div class=\"elementor-element elementor-element-6e82e57 elementor-widget elementor-widget-heading\" data-id=\"6e82e57\" data-element_type=\"widget\" data-e-type=\"widget\" data-widget_type=\"heading.default\">\n\t\t\t\t\t<h2 class=\"elementor-heading-title elementor-size-default\">AQU\u00cd NOS ENCONTRAR\u00c1S!<\/h2>\t\t\t\t<\/div>\n\t\t\t\t\t<\/div>\n\t\t\t\t<\/div>\n\t\t<div class=\"elementor-element elementor-element-11507f5 e-flex e-con-boxed e-con e-parent\" data-id=\"11507f5\" data-element_type=\"container\" data-e-type=\"container\" data-settings=\"{&quot;background_background&quot;:&quot;gradient&quot;}\">\n\t\t\t\t\t<div class=\"e-con-inner\">\n\t\t\t\t<div class=\"elementor-element elementor-element-f28b0cc elementor-widget elementor-widget-google_maps\" data-id=\"f28b0cc\" data-element_type=\"widget\" data-e-type=\"widget\" data-widget_type=\"google_maps.default\">\n\t\t\t\t\t\t\t<div class=\"elementor-custom-embed\">\n\t\t\t<iframe loading=\"lazy\"\n\t\t\t\t\tsrc=\"https:\/\/maps.google.com\/maps?q=GRAN%20V%C3%8DA%2067%2C%2028013&#038;t=m&#038;z=13&#038;output=embed&#038;iwloc=near\"\n\t\t\t\t\ttitle=\"GRAN V\u00cdA 67, 28013\"\n\t\t\t\t\taria-label=\"GRAN V\u00cdA 67, 28013\"\n\t\t\t><\/iframe>\n\t\t<\/div>\n\t\t\t\t\t\t<\/div>\n\t\t\t\t\t<\/div>\n\t\t\t\t<\/div>\n\t\t\t\t<\/div>\n\t\t","protected":false},"excerpt":{"rendered":"<p>Soy estudiante del \u00e1mbito del marketing, con una marcada orientaci\u00f3n hacia la creatividad y una s\u00f3lida capacidad de adaptaci\u00f3n a diferentes entornos y din\u00e1micas laborales. Me caracterizo por mi facilidad para integrarme en equipos multidisciplinares y por mi disposici\u00f3n para colaborar de manera activa con otras personas, contribuyendo al logro de objetivos comunes mediante una [&hellip;]<\/p>\n","protected":false},"author":2,"featured_media":0,"parent":0,"menu_order":0,"comment_status":"closed","ping_status":"closed","template":"elementor_header_footer","meta":{"footnotes":""},"class_list":["post-10","page","type-page","status-publish","hentry"],"_links":{"self":[{"href":"https:\/\/jordi.franlago.com\/index.php?rest_route=\/wp\/v2\/pages\/10","targetHints":{"allow":["GET"]}}],"collection":[{"href":"https:\/\/jordi.franlago.com\/index.php?rest_route=\/wp\/v2\/pages"}],"about":[{"href":"https:\/\/jordi.franlago.com\/index.php?rest_route=\/wp\/v2\/types\/page"}],"author":[{"embeddable":true,"href":"https:\/\/jordi.franlago.com\/index.php?rest_route=\/wp\/v2\/users\/2"}],"replies":[{"embeddable":true,"href":"https:\/\/jordi.franlago.com\/index.php?rest_route=%2Fwp%2Fv2%2Fcomments&post=10"}],"version-history":[{"count":89,"href":"https:\/\/jordi.franlago.com\/index.php?rest_route=\/wp\/v2\/pages\/10\/revisions"}],"predecessor-version":[{"id":484,"href":"https:\/\/jordi.franlago.com\/index.php?rest_route=\/wp\/v2\/pages\/10\/revisions\/484"}],"wp:attachment":[{"href":"https:\/\/jordi.franlago.com\/index.php?rest_route=%2Fwp%2Fv2%2Fmedia&parent=10"}],"curies":[{"name":"wp","href":"https:\/\/api.w.org\/{rel}","templated":true}]}}